{"id":362,"date":"2022-07-05T17:18:08","date_gmt":"2022-07-05T22:18:08","guid":{"rendered":"https:\/\/lealtis.com\/?page_id=362"},"modified":"2022-08-16T16:57:47","modified_gmt":"2022-08-16T21:57:47","slug":"areas-de-practica","status":"publish","type":"page","link":"https:\/\/lealtis.com\/index.php\/areas-de-practica\/","title":{"rendered":"\u00c1reas de Pr\u00e1ctica"},"content":{"rendered":"\t\t<div data-elementor-type=\"wp-page\" data-elementor-id=\"362\" class=\"elementor elementor-362\">\n\t\t\t\t\t\t\t\t\t<section class=\"elementor-section elementor-top-section elementor-element elementor-element-10d325b0 elementor-section-height-min-height elementor-section-boxed elementor-section-height-default elementor-section-items-middle\" data-id=\"10d325b0\" data-element_type=\"section\" data-settings=\"{&quot;background_background&quot;:&quot;classic&quot;}\">\n\t\t\t\t\t\t<div class=\"elementor-container elementor-column-gap-default\">\n\t\t\t\t\t<div class=\"elementor-column elementor-col-100 elementor-top-column elementor-element elementor-element-3d5b8cde\" data-id=\"3d5b8cde\" data-element_type=\"column\">\n\t\t\t<div class=\"elementor-widget-wrap elementor-element-populated\">\n\t\t\t\t\t\t\t\t<div class=\"elementor-element elementor-element-4ccb9fe elementor-widget elementor-widget-image\" data-id=\"4ccb9fe\" data-element_type=\"widget\" data-widget_type=\"image.default\">\n\t\t\t\t<div class=\"elementor-widget-container\">\n\t\t\t<style>\/*! elementor - v3.7.6 - 15-09-2022 *\/\n.elementor-widget-image{text-align:center}.elementor-widget-image a{display:inline-block}.elementor-widget-image a img[src$=\".svg\"]{width:48px}.elementor-widget-image img{vertical-align:middle;display:inline-block}<\/style>\t\t\t\t\t\t\t\t\t\t\t\t<img loading=\"lazy\" decoding=\"async\" width=\"768\" height=\"127\" src=\"https:\/\/lealtis.com\/wp-content\/uploads\/2022\/06\/Logos-1-768x127.png\" class=\"attachment-medium_large size-medium_large\" alt=\"\" srcset=\"https:\/\/lealtis.com\/wp-content\/uploads\/2022\/06\/Logos-1-768x127.png 768w, https:\/\/lealtis.com\/wp-content\/uploads\/2022\/06\/Logos-1-300x49.png 300w, https:\/\/lealtis.com\/wp-content\/uploads\/2022\/06\/Logos-1-1024x169.png 1024w, https:\/\/lealtis.com\/wp-content\/uploads\/2022\/06\/Logos-1-1536x253.png 1536w, https:\/\/lealtis.com\/wp-content\/uploads\/2022\/06\/Logos-1-2048x338.png 2048w\" sizes=\"auto, (max-width: 768px) 100vw, 768px\" \/>\t\t\t\t\t\t\t\t\t\t\t\t\t\t\t<\/div>\n\t\t\t\t<\/div>\n\t\t\t\t\t<\/div>\n\t\t<\/div>\n\t\t\t\t\t\t\t<\/div>\n\t\t<\/section>\n\t\t\t\t<section class=\"elementor-section elementor-top-section elementor-element elementor-element-c38e592 elementor-section-boxed elementor-section-height-default elementor-section-height-default\" data-id=\"c38e592\" data-element_type=\"section\">\n\t\t\t\t\t\t<div class=\"elementor-container elementor-column-gap-default\">\n\t\t\t\t\t<div class=\"elementor-column elementor-col-50 elementor-top-column elementor-element elementor-element-2d7ca2ff\" data-id=\"2d7ca2ff\" data-element_type=\"column\">\n\t\t\t<div class=\"elementor-widget-wrap elementor-element-populated\">\n\t\t\t\t\t\t\t\t<div class=\"elementor-element elementor-element-e4a4471 elementor-widget elementor-widget-heading\" data-id=\"e4a4471\" data-element_type=\"widget\" data-widget_type=\"heading.default\">\n\t\t\t\t<div class=\"elementor-widget-container\">\n\t\t\t<style>\/*! elementor - v3.7.6 - 15-09-2022 *\/\n.elementor-heading-title{padding:0;margin:0;line-height:1}.elementor-widget-heading .elementor-heading-title[class*=elementor-size-]>a{color:inherit;font-size:inherit;line-height:inherit}.elementor-widget-heading .elementor-heading-title.elementor-size-small{font-size:15px}.elementor-widget-heading .elementor-heading-title.elementor-size-medium{font-size:19px}.elementor-widget-heading .elementor-heading-title.elementor-size-large{font-size:29px}.elementor-widget-heading .elementor-heading-title.elementor-size-xl{font-size:39px}.elementor-widget-heading .elementor-heading-title.elementor-size-xxl{font-size:59px}<\/style><h2 class=\"elementor-heading-title elementor-size-default\">\u00c1reas de Pr\u00e1ctica<\/h2>\t\t<\/div>\n\t\t\t\t<\/div>\n\t\t\t\t<div class=\"elementor-element elementor-element-d9fb5f3 elementor-widget elementor-widget-text-editor\" data-id=\"d9fb5f3\" data-element_type=\"widget\" data-widget_type=\"text-editor.default\">\n\t\t\t\t<div class=\"elementor-widget-container\">\n\t\t\t<style>\/*! elementor - v3.7.6 - 15-09-2022 *\/\n.elementor-widget-text-editor.elementor-drop-cap-view-stacked .elementor-drop-cap{background-color:#818a91;color:#fff}.elementor-widget-text-editor.elementor-drop-cap-view-framed .elementor-drop-cap{color:#818a91;border:3px solid;background-color:transparent}.elementor-widget-text-editor:not(.elementor-drop-cap-view-default) .elementor-drop-cap{margin-top:8px}.elementor-widget-text-editor:not(.elementor-drop-cap-view-default) .elementor-drop-cap-letter{width:1em;height:1em}.elementor-widget-text-editor .elementor-drop-cap{float:left;text-align:center;line-height:1;font-size:50px}.elementor-widget-text-editor .elementor-drop-cap-letter{display:inline-block}<\/style>\t\t\t\t<ul><li>Consultor\u00eda en Derecho P\u00fablico y Contrataci\u00f3n Estatal<\/li>\n<li>Consultor\u00eda en Derecho Privado<\/li>\n<li>Consultor\u00eda Jur\u00eddica Empresarial y Gobierno Corporativo<\/li>\n<li>Consultor\u00eda en Sistemas de Gesti\u00f3n<\/li>\n<\/ul>\t\t\t\t\t\t<\/div>\n\t\t\t\t<\/div>\n\t\t\t\t\t<\/div>\n\t\t<\/div>\n\t\t\t\t<div class=\"elementor-column elementor-col-50 elementor-top-column elementor-element elementor-element-761a0374\" data-id=\"761a0374\" data-element_type=\"column\">\n\t\t\t<div class=\"elementor-widget-wrap elementor-element-populated\">\n\t\t\t\t\t\t\t\t<div class=\"elementor-element elementor-element-1b0d1744 elementor-widget elementor-widget-image\" data-id=\"1b0d1744\" data-element_type=\"widget\" data-widget_type=\"image.default\">\n\t\t\t\t<div class=\"elementor-widget-container\">\n\t\t\t\t\t\t\t\t\t\t\t\t\t\t\t<img loading=\"lazy\" decoding=\"async\" width=\"660\" height=\"465\" src=\"https:\/\/lealtis.com\/wp-content\/uploads\/2022\/07\/Practice-Areas-Pic.png\" class=\"attachment-full size-full\" alt=\"\" srcset=\"https:\/\/lealtis.com\/wp-content\/uploads\/2022\/07\/Practice-Areas-Pic.png 660w, https:\/\/lealtis.com\/wp-content\/uploads\/2022\/07\/Practice-Areas-Pic-300x211.png 300w\" sizes=\"auto, (max-width: 660px) 100vw, 660px\" \/>\t\t\t\t\t\t\t\t\t\t\t\t\t\t\t<\/div>\n\t\t\t\t<\/div>\n\t\t\t\t\t<\/div>\n\t\t<\/div>\n\t\t\t\t\t\t\t<\/div>\n\t\t<\/section>\n\t\t\t\t<section class=\"elementor-section elementor-top-section elementor-element elementor-element-8b313d5 elementor-section-boxed elementor-section-height-default elementor-section-height-default\" data-id=\"8b313d5\" data-element_type=\"section\">\n\t\t\t\t\t\t<div class=\"elementor-container elementor-column-gap-default\">\n\t\t\t\t\t<div class=\"elementor-column elementor-col-50 elementor-top-column elementor-element elementor-element-73315e1\" data-id=\"73315e1\" data-element_type=\"column\">\n\t\t\t<div class=\"elementor-widget-wrap elementor-element-populated\">\n\t\t\t\t\t\t\t\t<div class=\"elementor-element elementor-element-ac42dca elementor-widget elementor-widget-heading\" data-id=\"ac42dca\" data-element_type=\"widget\" data-widget_type=\"heading.default\">\n\t\t\t\t<div class=\"elementor-widget-container\">\n\t\t\t<h1 class=\"elementor-heading-title elementor-size-default\">Derecho P\u00fablico y contrataci\u00f3n Estatal<\/h1>\t\t<\/div>\n\t\t\t\t<\/div>\n\t\t\t\t\t<\/div>\n\t\t<\/div>\n\t\t\t\t<div class=\"elementor-column elementor-col-50 elementor-top-column elementor-element elementor-element-0fa42fa\" data-id=\"0fa42fa\" data-element_type=\"column\">\n\t\t\t<div class=\"elementor-widget-wrap elementor-element-populated\">\n\t\t\t\t\t\t\t\t<div class=\"elementor-element elementor-element-a989d81 elementor-widget elementor-widget-text-editor\" data-id=\"a989d81\" data-element_type=\"widget\" data-widget_type=\"text-editor.default\">\n\t\t\t\t<div class=\"elementor-widget-container\">\n\t\t\t\t\t\t\t<p>Contamos con profesionales con amplia experiencia en el sector p\u00fablico, que han hecho parte de importantes entidades p\u00fablicas a nivel Regional y Nacional, desempe\u00f1\u00e1ndose en cargos de nivel Directivo y Asesor, que garantiza un amplio conocimiento en la pr\u00e1ctica legal en Derecho P\u00fablico.<\/p><p>Dentro de nuestras fortalezas se encuentran el conocimiento integral de la ley de contrataci\u00f3n, adem\u00e1s de contar con herramientas de actualizaci\u00f3n jur\u00eddica permanente, que nos permite acompa\u00f1ar plenamente los procesos de contrataci\u00f3n desde su etapa precontractual hasta la liquidaci\u00f3n. As\u00ed mismo, contamos con las capacidades de apoyar legalmente a nuestros clientes en los procesos que se deban adelantar ante la Jurisdicci\u00f3n Contenciosa Administrativa en todas sus etapas procesales.<\/p>\t\t\t\t\t\t<\/div>\n\t\t\t\t<\/div>\n\t\t\t\t\t<\/div>\n\t\t<\/div>\n\t\t\t\t\t\t\t<\/div>\n\t\t<\/section>\n\t\t\t\t<section class=\"elementor-section elementor-top-section elementor-element elementor-element-17e541a elementor-section-boxed elementor-section-height-default elementor-section-height-default\" data-id=\"17e541a\" data-element_type=\"section\">\n\t\t\t\t\t\t<div class=\"elementor-container elementor-column-gap-default\">\n\t\t\t\t\t<div class=\"elementor-column elementor-col-50 elementor-top-column elementor-element elementor-element-819e5df\" data-id=\"819e5df\" data-element_type=\"column\">\n\t\t\t<div class=\"elementor-widget-wrap elementor-element-populated\">\n\t\t\t\t\t\t\t\t<div class=\"elementor-element elementor-element-30fc954 elementor-widget elementor-widget-heading\" data-id=\"30fc954\" data-element_type=\"widget\" data-widget_type=\"heading.default\">\n\t\t\t\t<div class=\"elementor-widget-container\">\n\t\t\t<h2 class=\"elementor-heading-title elementor-size-default\">Constultor\u00eda Jur\u00eddica Empresarial y Gobierno Corporativo<\/h2>\t\t<\/div>\n\t\t\t\t<\/div>\n\t\t\t\t\t<\/div>\n\t\t<\/div>\n\t\t\t\t<div class=\"elementor-column elementor-col-50 elementor-top-column elementor-element elementor-element-6fc625b\" data-id=\"6fc625b\" data-element_type=\"column\">\n\t\t\t<div class=\"elementor-widget-wrap elementor-element-populated\">\n\t\t\t\t\t\t\t\t<div class=\"elementor-element elementor-element-bb0cb1c elementor-widget elementor-widget-text-editor\" data-id=\"bb0cb1c\" data-element_type=\"widget\" data-widget_type=\"text-editor.default\">\n\t\t\t\t<div class=\"elementor-widget-container\">\n\t\t\t\t\t\t\t<p>Nuestra Firma cuenta con las competencias de Consultori\u0301a Juri\u0301dica Especializada, con miras a la aplicacio\u0301n sistema\u0301tica de conocimientos, me\u0301todos, herramientas tecnolo\u0301gicas, para lograr el posicionamiento y desarrollo y gesti\u00f3n Empresarial en el mercado, impactando su crecimiento econo\u0301mico y financiero.<\/p><p>Nos enfocamos en el apoyo jur\u00eddico de a la constitucio\u0301n, proyeccio\u0301n, desarrollo y administracio\u0301n de sociedades, as\u00ed como en procedimientos y tra\u0301mites de las operaciones comerciales y legales de la empresa.<\/p>\t\t\t\t\t\t<\/div>\n\t\t\t\t<\/div>\n\t\t\t\t\t<\/div>\n\t\t<\/div>\n\t\t\t\t\t\t\t<\/div>\n\t\t<\/section>\n\t\t\t\t<section class=\"elementor-section elementor-top-section elementor-element elementor-element-9e4a36f elementor-section-boxed elementor-section-height-default elementor-section-height-default\" data-id=\"9e4a36f\" data-element_type=\"section\">\n\t\t\t\t\t\t<div class=\"elementor-container elementor-column-gap-default\">\n\t\t\t\t\t<div class=\"elementor-column elementor-col-50 elementor-top-column elementor-element elementor-element-6572387\" data-id=\"6572387\" data-element_type=\"column\">\n\t\t\t<div class=\"elementor-widget-wrap elementor-element-populated\">\n\t\t\t\t\t\t\t\t<div class=\"elementor-element elementor-element-c908806 elementor-widget elementor-widget-heading\" data-id=\"c908806\" data-element_type=\"widget\" data-widget_type=\"heading.default\">\n\t\t\t\t<div class=\"elementor-widget-container\">\n\t\t\t<h2 class=\"elementor-heading-title elementor-size-default\">Derecho Privado<\/h2>\t\t<\/div>\n\t\t\t\t<\/div>\n\t\t\t\t\t<\/div>\n\t\t<\/div>\n\t\t\t\t<div class=\"elementor-column elementor-col-50 elementor-top-column elementor-element elementor-element-35b1573\" data-id=\"35b1573\" data-element_type=\"column\">\n\t\t\t<div class=\"elementor-widget-wrap elementor-element-populated\">\n\t\t\t\t\t\t\t\t<div class=\"elementor-element elementor-element-e216483 elementor-widget elementor-widget-text-editor\" data-id=\"e216483\" data-element_type=\"widget\" data-widget_type=\"text-editor.default\">\n\t\t\t\t<div class=\"elementor-widget-container\">\n\t\t\t\t\t\t\t<p>Nuestros equipo de abogados cuenta con excelente formaci\u00f3n acad\u00e9mica y experiencia profesional en aspectos relacionados con el Derecho Privado, cuya pr\u00e1ctica se desarrolla desde la asesor\u00eda, consultor\u00eda, apoyo y acompa\u00f1amiento en las diferentes especialidades de \u00e9sta \u00e1rea del Derecho.<\/p>\t\t\t\t\t\t<\/div>\n\t\t\t\t<\/div>\n\t\t\t\t\t<\/div>\n\t\t<\/div>\n\t\t\t\t\t\t\t<\/div>\n\t\t<\/section>\n\t\t\t\t<section class=\"elementor-section elementor-top-section elementor-element elementor-element-dd270d5 elementor-section-boxed elementor-section-height-default elementor-section-height-default\" data-id=\"dd270d5\" data-element_type=\"section\">\n\t\t\t\t\t\t<div class=\"elementor-container elementor-column-gap-default\">\n\t\t\t\t\t<div class=\"elementor-column elementor-col-50 elementor-top-column elementor-element elementor-element-6d0c064\" data-id=\"6d0c064\" data-element_type=\"column\">\n\t\t\t<div class=\"elementor-widget-wrap elementor-element-populated\">\n\t\t\t\t\t\t\t\t<div class=\"elementor-element elementor-element-bcd8861 elementor-widget elementor-widget-heading\" data-id=\"bcd8861\" data-element_type=\"widget\" data-widget_type=\"heading.default\">\n\t\t\t\t<div class=\"elementor-widget-container\">\n\t\t\t<h2 class=\"elementor-heading-title elementor-size-default\">Sistemas De Gesti\u00f3n<\/h2>\t\t<\/div>\n\t\t\t\t<\/div>\n\t\t\t\t\t<\/div>\n\t\t<\/div>\n\t\t\t\t<div class=\"elementor-column elementor-col-50 elementor-top-column elementor-element elementor-element-7e0f7b5\" data-id=\"7e0f7b5\" data-element_type=\"column\">\n\t\t\t<div class=\"elementor-widget-wrap elementor-element-populated\">\n\t\t\t\t\t\t\t\t<div class=\"elementor-element elementor-element-489ff91 elementor-widget elementor-widget-text-editor\" data-id=\"489ff91\" data-element_type=\"widget\" data-widget_type=\"text-editor.default\">\n\t\t\t\t<div class=\"elementor-widget-container\">\n\t\t\t\t\t\t\t<p>Con respecto a esta competencia especializada, nuestro equipo de profesionales se encuentra en capacidad de elaborar el disen\u0303o, planeacio\u0301n e implementacio\u0301n de los sistemas de gestio\u0301n de calidad, empresarial, ambiental, de salud ocupacional, seguridad en el trabajo y responsabilidad social. Preparamos su empresa para obtener las correspondientes acreditaciones de las organizaciones de certificacio\u0301n.<\/p>\t\t\t\t\t\t<\/div>\n\t\t\t\t<\/div>\n\t\t\t\t\t<\/div>\n\t\t<\/div>\n\t\t\t\t\t\t\t<\/div>\n\t\t<\/section>\n\t\t\t\t<section class=\"elementor-section elementor-top-section elementor-element elementor-element-74d9b3c2 elementor-section-height-min-height elementor-section-boxed elementor-section-height-default elementor-section-items-middle\" data-id=\"74d9b3c2\" data-element_type=\"section\" data-settings=\"{&quot;background_background&quot;:&quot;classic&quot;}\">\n\t\t\t\t\t\t\t<div class=\"elementor-background-overlay\"><\/div>\n\t\t\t\t\t\t\t<div class=\"elementor-container elementor-column-gap-default\">\n\t\t\t\t\t<div class=\"elementor-column elementor-col-100 elementor-top-column elementor-element elementor-element-2f6908ee\" data-id=\"2f6908ee\" data-element_type=\"column\">\n\t\t\t<div class=\"elementor-widget-wrap elementor-element-populated\">\n\t\t\t\t\t\t\t\t<div class=\"elementor-element elementor-element-1d539e3b elementor-widget elementor-widget-heading\" data-id=\"1d539e3b\" data-element_type=\"widget\" data-widget_type=\"heading.default\">\n\t\t\t\t<div class=\"elementor-widget-container\">\n\t\t\t<h2 class=\"elementor-heading-title elementor-size-default\">Te mereces lo mejor\nAbogados Consultores<\/h2>\t\t<\/div>\n\t\t\t\t<\/div>\n\t\t\t\t<div class=\"elementor-element elementor-element-20d97ec2 elementor-align-center elementor-widget elementor-widget-button\" data-id=\"20d97ec2\" data-element_type=\"widget\" data-widget_type=\"button.default\">\n\t\t\t\t<div class=\"elementor-widget-container\">\n\t\t\t\t\t<div class=\"elementor-button-wrapper\">\n\t\t\t<a href=\"https:\/\/lealtis.com\/index.php\/contacto\/\" target=\"_blank\" class=\"elementor-button-link elementor-button elementor-size-md\" role=\"button\">\n\t\t\t\t\t\t<span class=\"elementor-button-content-wrapper\">\n\t\t\t\t\t\t\t<span class=\"elementor-button-icon elementor-align-icon-right\">\n\t\t\t\t<i aria-hidden=\"true\" class=\"fas fa-long-arrow-alt-right\"><\/i>\t\t\t<\/span>\n\t\t\t\t\t\t<span class=\"elementor-button-text\">Consulta gratis<\/span>\n\t\t<\/span>\n\t\t\t\t\t<\/a>\n\t\t<\/div>\n\t\t\t\t<\/div>\n\t\t\t\t<\/div>\n\t\t\t\t\t<\/div>\n\t\t<\/div>\n\t\t\t\t\t\t\t<\/div>\n\t\t<\/section>\n\t\t\t\t\t\t\t<\/div>\n\t\t","protected":false},"excerpt":{"rendered":"<p>\u00c1reas de Pr\u00e1ctica Consultor\u00eda en Derecho P\u00fablico y Contrataci\u00f3n Estatal Consultor\u00eda en Derecho Privado Consultor\u00eda Jur\u00eddica Empresarial y Gobierno Corporativo Consultor\u00eda en Sistemas de Gesti\u00f3n Derecho P\u00fablico y contrataci\u00f3n Estatal Contamos con profesionales con amplia experiencia en el sector p\u00fablico, que han hecho parte de importantes entidades p\u00fablicas a nivel Regional y Nacional, desempe\u00f1\u00e1ndose en [&hellip;]<\/p>\n","protected":false},"author":1,"featured_media":0,"parent":0,"menu_order":0,"comment_status":"closed","ping_status":"closed","template":"","meta":{"footnotes":""},"class_list":["post-362","page","type-page","status-publish","hentry"],"yoast_head":"<!-- This site is optimized with the Yoast SEO plugin v27.4 - https:\/\/yoast.com\/product\/yoast-seo-wordpress\/ -->\n<title>\u00c1reas de Pr\u00e1ctica - Lealtis<\/title>\n<meta name=\"robots\" content=\"index, follow, max-snippet:-1, max-image-preview:large, max-video-preview:-1\" \/>\n<link rel=\"canonical\" href=\"https:\/\/lealtis.com\/index.php\/areas-de-practica\/\" \/>\n<meta property=\"og:locale\" content=\"es_ES\" \/>\n<meta property=\"og:type\" content=\"article\" \/>\n<meta property=\"og:title\" content=\"\u00c1reas de Pr\u00e1ctica - Lealtis\" \/>\n<meta property=\"og:description\" content=\"\u00c1reas de Pr\u00e1ctica Consultor\u00eda en Derecho P\u00fablico y Contrataci\u00f3n Estatal Consultor\u00eda en Derecho Privado Consultor\u00eda Jur\u00eddica Empresarial y Gobierno Corporativo Consultor\u00eda en Sistemas de Gesti\u00f3n Derecho P\u00fablico y contrataci\u00f3n Estatal Contamos con profesionales con amplia experiencia en el sector p\u00fablico, que han hecho parte de importantes entidades p\u00fablicas a nivel Regional y Nacional, desempe\u00f1\u00e1ndose en [&hellip;]\" \/>\n<meta property=\"og:url\" content=\"https:\/\/lealtis.com\/index.php\/areas-de-practica\/\" \/>\n<meta property=\"og:site_name\" content=\"Lealtis\" \/>\n<meta property=\"article:modified_time\" content=\"2022-08-16T21:57:47+00:00\" \/>\n<meta property=\"og:image\" content=\"https:\/\/lealtis.com\/wp-content\/uploads\/2022\/06\/Logos-1-768x127.png\" \/>\n<meta name=\"twitter:card\" content=\"summary_large_image\" \/>\n<meta name=\"twitter:label1\" content=\"Tiempo de lectura\" \/>\n\t<meta name=\"twitter:data1\" content=\"2 minutos\" \/>\n<script type=\"application\/ld+json\" class=\"yoast-schema-graph\">{\"@context\":\"https:\\\/\\\/schema.org\",\"@graph\":[{\"@type\":\"WebPage\",\"@id\":\"https:\\\/\\\/lealtis.com\\\/index.php\\\/areas-de-practica\\\/\",\"url\":\"https:\\\/\\\/lealtis.com\\\/index.php\\\/areas-de-practica\\\/\",\"name\":\"\u00c1reas de Pr\u00e1ctica - Lealtis\",\"isPartOf\":{\"@id\":\"https:\\\/\\\/lealtis.com\\\/#website\"},\"primaryImageOfPage\":{\"@id\":\"https:\\\/\\\/lealtis.com\\\/index.php\\\/areas-de-practica\\\/#primaryimage\"},\"image\":{\"@id\":\"https:\\\/\\\/lealtis.com\\\/index.php\\\/areas-de-practica\\\/#primaryimage\"},\"thumbnailUrl\":\"https:\\\/\\\/lealtis.com\\\/wp-content\\\/uploads\\\/2022\\\/06\\\/Logos-1-768x127.png\",\"datePublished\":\"2022-07-05T22:18:08+00:00\",\"dateModified\":\"2022-08-16T21:57:47+00:00\",\"breadcrumb\":{\"@id\":\"https:\\\/\\\/lealtis.com\\\/index.php\\\/areas-de-practica\\\/#breadcrumb\"},\"inLanguage\":\"es\",\"potentialAction\":[{\"@type\":\"ReadAction\",\"target\":[\"https:\\\/\\\/lealtis.com\\\/index.php\\\/areas-de-practica\\\/\"]}]},{\"@type\":\"ImageObject\",\"inLanguage\":\"es\",\"@id\":\"https:\\\/\\\/lealtis.com\\\/index.php\\\/areas-de-practica\\\/#primaryimage\",\"url\":\"https:\\\/\\\/lealtis.com\\\/wp-content\\\/uploads\\\/2022\\\/06\\\/Logos-1.png\",\"contentUrl\":\"https:\\\/\\\/lealtis.com\\\/wp-content\\\/uploads\\\/2022\\\/06\\\/Logos-1.png\",\"width\":7407,\"height\":1221},{\"@type\":\"BreadcrumbList\",\"@id\":\"https:\\\/\\\/lealtis.com\\\/index.php\\\/areas-de-practica\\\/#breadcrumb\",\"itemListElement\":[{\"@type\":\"ListItem\",\"position\":1,\"name\":\"Portada\",\"item\":\"https:\\\/\\\/lealtis.com\\\/\"},{\"@type\":\"ListItem\",\"position\":2,\"name\":\"\u00c1reas de Pr\u00e1ctica\"}]},{\"@type\":\"WebSite\",\"@id\":\"https:\\\/\\\/lealtis.com\\\/#website\",\"url\":\"https:\\\/\\\/lealtis.com\\\/\",\"name\":\"Lealtis\",\"description\":\"Creemos, transformamos y conectamos\",\"publisher\":{\"@id\":\"https:\\\/\\\/lealtis.com\\\/#organization\"},\"potentialAction\":[{\"@type\":\"SearchAction\",\"target\":{\"@type\":\"EntryPoint\",\"urlTemplate\":\"https:\\\/\\\/lealtis.com\\\/?s={search_term_string}\"},\"query-input\":{\"@type\":\"PropertyValueSpecification\",\"valueRequired\":true,\"valueName\":\"search_term_string\"}}],\"inLanguage\":\"es\"},{\"@type\":\"Organization\",\"@id\":\"https:\\\/\\\/lealtis.com\\\/#organization\",\"name\":\"Lealtis\",\"url\":\"https:\\\/\\\/lealtis.com\\\/\",\"logo\":{\"@type\":\"ImageObject\",\"inLanguage\":\"es\",\"@id\":\"https:\\\/\\\/lealtis.com\\\/#\\\/schema\\\/logo\\\/image\\\/\",\"url\":\"https:\\\/\\\/lealtis.com\\\/wp-content\\\/uploads\\\/2022\\\/06\\\/Logos-1.png\",\"contentUrl\":\"https:\\\/\\\/lealtis.com\\\/wp-content\\\/uploads\\\/2022\\\/06\\\/Logos-1.png\",\"width\":7407,\"height\":1221,\"caption\":\"Lealtis\"},\"image\":{\"@id\":\"https:\\\/\\\/lealtis.com\\\/#\\\/schema\\\/logo\\\/image\\\/\"}}]}<\/script>\n<!-- \/ Yoast SEO plugin. -->","yoast_head_json":{"title":"\u00c1reas de Pr\u00e1ctica - Lealtis","robots":{"index":"index","follow":"follow","max-snippet":"max-snippet:-1","max-image-preview":"max-image-preview:large","max-video-preview":"max-video-preview:-1"},"canonical":"https:\/\/lealtis.com\/index.php\/areas-de-practica\/","og_locale":"es_ES","og_type":"article","og_title":"\u00c1reas de Pr\u00e1ctica - Lealtis","og_description":"\u00c1reas de Pr\u00e1ctica Consultor\u00eda en Derecho P\u00fablico y Contrataci\u00f3n Estatal Consultor\u00eda en Derecho Privado Consultor\u00eda Jur\u00eddica Empresarial y Gobierno Corporativo Consultor\u00eda en Sistemas de Gesti\u00f3n Derecho P\u00fablico y contrataci\u00f3n Estatal Contamos con profesionales con amplia experiencia en el sector p\u00fablico, que han hecho parte de importantes entidades p\u00fablicas a nivel Regional y Nacional, desempe\u00f1\u00e1ndose en [&hellip;]","og_url":"https:\/\/lealtis.com\/index.php\/areas-de-practica\/","og_site_name":"Lealtis","article_modified_time":"2022-08-16T21:57:47+00:00","og_image":[{"url":"https:\/\/lealtis.com\/wp-content\/uploads\/2022\/06\/Logos-1-768x127.png","type":"","width":"","height":""}],"twitter_card":"summary_large_image","twitter_misc":{"Tiempo de lectura":"2 minutos"},"schema":{"@context":"https:\/\/schema.org","@graph":[{"@type":"WebPage","@id":"https:\/\/lealtis.com\/index.php\/areas-de-practica\/","url":"https:\/\/lealtis.com\/index.php\/areas-de-practica\/","name":"\u00c1reas de Pr\u00e1ctica - Lealtis","isPartOf":{"@id":"https:\/\/lealtis.com\/#website"},"primaryImageOfPage":{"@id":"https:\/\/lealtis.com\/index.php\/areas-de-practica\/#primaryimage"},"image":{"@id":"https:\/\/lealtis.com\/index.php\/areas-de-practica\/#primaryimage"},"thumbnailUrl":"https:\/\/lealtis.com\/wp-content\/uploads\/2022\/06\/Logos-1-768x127.png","datePublished":"2022-07-05T22:18:08+00:00","dateModified":"2022-08-16T21:57:47+00:00","breadcrumb":{"@id":"https:\/\/lealtis.com\/index.php\/areas-de-practica\/#breadcrumb"},"inLanguage":"es","potentialAction":[{"@type":"ReadAction","target":["https:\/\/lealtis.com\/index.php\/areas-de-practica\/"]}]},{"@type":"ImageObject","inLanguage":"es","@id":"https:\/\/lealtis.com\/index.php\/areas-de-practica\/#primaryimage","url":"https:\/\/lealtis.com\/wp-content\/uploads\/2022\/06\/Logos-1.png","contentUrl":"https:\/\/lealtis.com\/wp-content\/uploads\/2022\/06\/Logos-1.png","width":7407,"height":1221},{"@type":"BreadcrumbList","@id":"https:\/\/lealtis.com\/index.php\/areas-de-practica\/#breadcrumb","itemListElement":[{"@type":"ListItem","position":1,"name":"Portada","item":"https:\/\/lealtis.com\/"},{"@type":"ListItem","position":2,"name":"\u00c1reas de Pr\u00e1ctica"}]},{"@type":"WebSite","@id":"https:\/\/lealtis.com\/#website","url":"https:\/\/lealtis.com\/","name":"Lealtis","description":"Creemos, transformamos y conectamos","publisher":{"@id":"https:\/\/lealtis.com\/#organization"},"potentialAction":[{"@type":"SearchAction","target":{"@type":"EntryPoint","urlTemplate":"https:\/\/lealtis.com\/?s={search_term_string}"},"query-input":{"@type":"PropertyValueSpecification","valueRequired":true,"valueName":"search_term_string"}}],"inLanguage":"es"},{"@type":"Organization","@id":"https:\/\/lealtis.com\/#organization","name":"Lealtis","url":"https:\/\/lealtis.com\/","logo":{"@type":"ImageObject","inLanguage":"es","@id":"https:\/\/lealtis.com\/#\/schema\/logo\/image\/","url":"https:\/\/lealtis.com\/wp-content\/uploads\/2022\/06\/Logos-1.png","contentUrl":"https:\/\/lealtis.com\/wp-content\/uploads\/2022\/06\/Logos-1.png","width":7407,"height":1221,"caption":"Lealtis"},"image":{"@id":"https:\/\/lealtis.com\/#\/schema\/logo\/image\/"}}]}},"_links":{"self":[{"href":"https:\/\/lealtis.com\/index.php\/wp-json\/wp\/v2\/pages\/362","targetHints":{"allow":["GET"]}}],"collection":[{"href":"https:\/\/lealtis.com\/index.php\/wp-json\/wp\/v2\/pages"}],"about":[{"href":"https:\/\/lealtis.com\/index.php\/wp-json\/wp\/v2\/types\/page"}],"author":[{"embeddable":true,"href":"https:\/\/lealtis.com\/index.php\/wp-json\/wp\/v2\/users\/1"}],"replies":[{"embeddable":true,"href":"https:\/\/lealtis.com\/index.php\/wp-json\/wp\/v2\/comments?post=362"}],"version-history":[{"count":70,"href":"https:\/\/lealtis.com\/index.php\/wp-json\/wp\/v2\/pages\/362\/revisions"}],"predecessor-version":[{"id":734,"href":"https:\/\/lealtis.com\/index.php\/wp-json\/wp\/v2\/pages\/362\/revisions\/734"}],"wp:attachment":[{"href":"https:\/\/lealtis.com\/index.php\/wp-json\/wp\/v2\/media?parent=362"}],"curies":[{"name":"wp","href":"https:\/\/api.w.org\/{rel}","templated":true}]}}